{"id":8,"date":"2012-08-13T15:57:26","date_gmt":"2012-08-13T13:57:26","guid":{"rendered":"http:\/\/landgasthof-taennler.ch\/?page_id=8"},"modified":"2013-10-26T17:46:03","modified_gmt":"2013-10-26T15:46:03","slug":"geschichte","status":"publish","type":"page","link":"https:\/\/landgasthof-taennler.ch\/fr\/geschichte\/","title":{"rendered":"Histoire"},"content":{"rendered":"<p><\/p>\n<p>Notre belle maison fut \u00e9difi\u00e9e par nos anc\u00eatres Dirni Hugler (aujourd&rsquo;hui Huggler) et Heini Thendler (aujourd&rsquo;hui T\u00e4nnler).<\/p>\n<p><strong>La devise de la maison:<\/strong><\/p>\n<p>DIS HUS STAT UF GUTEM GRUND<\/p>\n<p>GOT G\u00c4B DEM HUSFOLCH GLICK UND GSUND<\/p>\n<p>DAS SI MEGEN MIT EREN L\u00c4BEN UF \u00c4RDEN UND DARNACH OUCH S\u00c4LIG ST\u00c4RBEN<\/p>\n<p><em>(Cette maison est b\u00e2tie sur du bon terrain Que Dieu donne \u00e0 ses habitants bonheur et sant\u00e9<\/p>\n<p>Qu&rsquo;ils puissent vivre avec honneur sur terre, et mourir ensuite bienheureux)<\/em><\/p>\n<p>Ceux qui sont impressionn\u00e9s par l&rsquo;ann\u00e9e de construction de notre maison, seront \u00e0 nouveau \u00e9tonn\u00e9s. Durant la construction d&rsquo;une installation frigorifique en 1964, les ouvriers butt\u00e8rent sur d\u2019anciens murs. Des arch\u00e9ologues venus de Berne certifi\u00e8rent qu&rsquo;un centre de transbordement romain, une sorte d&rsquo;hospice, devait s\u2019\u00eatre trouv\u00e9 en ce lieu. En effet, on d\u00e9couvrit encore des tessons qui, une fois assembl\u00e9s, se r\u00e9v\u00e9l\u00e8rent \u00eatre des vases, des assiettes et divers autres objets. Les arch\u00e9ologues constat\u00e8rent aussi que les Romains poss\u00e9daient d\u00e9j\u00e0 en ce temps-l\u00e0 un chauffage \u00e0 air chaud et une salle de bain, toujours \u00e0 ce m\u00eame endroit.<\/p>\n<p>Notre grand-p\u00e8re Alexander T\u00e4nnler entra dans l&rsquo;histoire le 25 f\u00e9vrier 1904 lorsqu&rsquo;il r\u00e9ussit, avec ses coll\u00e8gues guides de montagne Kaspar Maurer et Heinrich Zurfl\u00fch et son client Hugo Mylius de Francfort, <strong>la premi\u00e8re ascension du Mont Blanc \u00e0 skis, en hiver.<\/strong> Souvent, Alexander h\u00e9bergeait ses clients dans sa maison \u00e0 Wyler. Celle-ci s\u2019est progressivement transform\u00e9e en g\u00eete pour devenir, au cours des 100 derni\u00e8res ann\u00e9es, l\u2019actuelle auberge T\u00e4nnler.<\/p>\n<p><\/p>","protected":false},"excerpt":{"rendered":"<p>Notre belle maison fut \u00e9difi\u00e9e par nos anc\u00eatres Dirni Hugler (aujourd&rsquo;hui Huggler) et Heini Thendler (aujourd&rsquo;hui T\u00e4nnler). La devise de&#8230;  <a href=\"https:\/\/landgasthof-taennler.ch\/fr\/geschichte\/\" title=\"Histoire\">Weiter lesen &raquo;<\/a><\/p>\n","protected":false},"author":1,"featured_media":0,"parent":0,"menu_order":0,"comment_status":"open","ping_status":"open","template":"","meta":{"ngg_post_thumbnail":0},"_links":{"self":[{"href":"https:\/\/landgasthof-taennler.ch\/fr\/wp-json\/wp\/v2\/pages\/8"}],"collection":[{"href":"https:\/\/landgasthof-taennler.ch\/fr\/wp-json\/wp\/v2\/pages"}],"about":[{"href":"https:\/\/landgasthof-taennler.ch\/fr\/wp-json\/wp\/v2\/types\/page"}],"author":[{"embeddable":true,"href":"https:\/\/landgasthof-taennler.ch\/fr\/wp-json\/wp\/v2\/users\/1"}],"replies":[{"embeddable":true,"href":"https:\/\/landgasthof-taennler.ch\/fr\/wp-json\/wp\/v2\/comments?post=8"}],"version-history":[{"count":14,"href":"https:\/\/landgasthof-taennler.ch\/fr\/wp-json\/wp\/v2\/pages\/8\/revisions"}],"predecessor-version":[{"id":178,"href":"https:\/\/landgasthof-taennler.ch\/fr\/wp-json\/wp\/v2\/pages\/8\/revisions\/178"}],"wp:attachment":[{"href":"https:\/\/landgasthof-taennler.ch\/fr\/wp-json\/wp\/v2\/media?parent=8"}],"curies":[{"name":"wp","href":"https:\/\/api.w.org\/{rel}","templated":true}]}}