{"id":76,"date":"2012-08-20T20:34:33","date_gmt":"2012-08-20T18:34:33","guid":{"rendered":"http:\/\/landgasthof-taennler.ch\/?page_id=76"},"modified":"2025-04-19T10:49:25","modified_gmt":"2025-04-19T08:49:25","slug":"familie","status":"publish","type":"page","link":"https:\/\/landgasthof-taennler.ch\/fr\/familie\/","title":{"rendered":"Famille"},"content":{"rendered":"<p><\/p>\n<p><strong>Andreas<br \/>\n<\/strong>Apr\u00e8s mon apprentissage d\u2019employ\u00e9 de commerce, j\u2019ai fr\u00e9quent\u00e9 l\u2019\u00e9cole h\u00f4teli\u00e8re \u00e0 Thoune avant de reprendre l\u2019entreprise familiale en 2011. J\u2019aime bien cette fonction responsable&nbsp;: chaque jour est unique. Dans mon temps libre, je profite de la beaut\u00e9 du Haslital <span id=\"result_box\" class=\"short_text\" lang=\"fr\">sur le v\u00e9lo de montagne<\/span>, \u00e0\u2019l escalade ou \u00e0 ski. <strong>&nbsp;<\/strong><\/p>\n<p><strong>Eveline<br \/>\n<\/strong>Depuis 2019, je peux me compter parte de la famille T\u00e4nnler. J&rsquo;appr\u00e9cie la polyvalence des t\u00e2ches dans un h\u00f4tel et j&rsquo;appr\u00e9cie particuli\u00e8rement les gentilles rencontres avec les clients. Je trouve la d\u00e9tente dans la nature, avec de la musique, de la lecture ou avec un bon verre de vin en famille et entre amis.<\/p>\n<p><strong>Hans<br \/>\n<\/strong> Depuis ma retraite, je m\u2019occupe des environs de la maison, et je d\u00e9panne dans la cuisine selon les besoins. Pendant la p\u00e9riode de chasse, je pr\u00e9pare le rago\u00fbt de gibier, une sp\u00e9cialit\u00e9 de la maison, avec Andreas. Je garde des moutons, je suis un chasseur passionn\u00e9, et j\u2019aime le ski et les randonn\u00e9es \u00e9tendues.<\/p>\n<p><strong>Therese<br \/>\n<\/strong> M\u00eame apr\u00e8s ma retraite, j\u2019assiste avec l\u2019administration et dans le service quand il est n\u00e9cessaire. J\u2019aime les longs promenades, qui me permettent de me d\u00e9tendre et de me r\u00e9jouir de la belle nature, et les excursions spontan\u00e9es \u00e0 travers la suisse.<\/p>\n<p><strong>Barbara<br \/>\n<\/strong> Je travaille chez les forces motrices d&rsquo;Oberhasli KWO \u00e0 Innertkirchen. Je suis assistant Personnel. Mes loisir sont: randonn\u00e9e en montagnes, escalade sportive, v\u00e9lo, ski, et ski de randonn\u00e9e.<\/p>\n<p><strong>Florian<br \/>\n<\/strong> Durant la semaine, j\u2019habite \u00e0 Meiringen, au foyer <em>Beau temps<\/em>, et je travaille dans une entreprise de travail adapt\u00e9. Les Vendredi apr\u00e8s-midi, ma m\u00e8re vient me chercher en voiture, et je passe le week-end entier \u00e0 la maison, \u00e0 Wyler. Des fois, quand j\u2019ai envie, j\u2019aide dans le service. J\u2019aime rire et chanter. Mes hobbies sont le ski, le v\u00e9lo, la randonn\u00e9e et beaucoup d\u2019autres.<\/p>\n<p>&nbsp;<\/p>\n<p>&nbsp;<\/p>\n<p>&nbsp;<\/p>\n<p><\/p>","protected":false},"excerpt":{"rendered":"<p>Andreas Apr\u00e8s mon apprentissage d\u2019employ\u00e9 de commerce, j\u2019ai fr\u00e9quent\u00e9 l\u2019\u00e9cole h\u00f4teli\u00e8re \u00e0 Thoune avant de reprendre l\u2019entreprise familiale en 2011&#8230;.  <a href=\"https:\/\/landgasthof-taennler.ch\/fr\/familie\/\" title=\"Famille\">Weiter lesen &raquo;<\/a><\/p>\n","protected":false},"author":1,"featured_media":0,"parent":0,"menu_order":0,"comment_status":"open","ping_status":"open","template":"","meta":{"ngg_post_thumbnail":0},"_links":{"self":[{"href":"https:\/\/landgasthof-taennler.ch\/fr\/wp-json\/wp\/v2\/pages\/76"}],"collection":[{"href":"https:\/\/landgasthof-taennler.ch\/fr\/wp-json\/wp\/v2\/pages"}],"about":[{"href":"https:\/\/landgasthof-taennler.ch\/fr\/wp-json\/wp\/v2\/types\/page"}],"author":[{"embeddable":true,"href":"https:\/\/landgasthof-taennler.ch\/fr\/wp-json\/wp\/v2\/users\/1"}],"replies":[{"embeddable":true,"href":"https:\/\/landgasthof-taennler.ch\/fr\/wp-json\/wp\/v2\/comments?post=76"}],"version-history":[{"count":27,"href":"https:\/\/landgasthof-taennler.ch\/fr\/wp-json\/wp\/v2\/pages\/76\/revisions"}],"predecessor-version":[{"id":1945,"href":"https:\/\/landgasthof-taennler.ch\/fr\/wp-json\/wp\/v2\/pages\/76\/revisions\/1945"}],"wp:attachment":[{"href":"https:\/\/landgasthof-taennler.ch\/fr\/wp-json\/wp\/v2\/media?parent=76"}],"curies":[{"name":"wp","href":"https:\/\/api.w.org\/{rel}","templated":true}]}}