{"id":45,"date":"2012-08-17T17:55:00","date_gmt":"2012-08-17T15:55:00","guid":{"rendered":"http:\/\/landgasthof-taennler.ch\/?page_id=45"},"modified":"2013-05-31T00:00:20","modified_gmt":"2013-05-30T22:00:20","slug":"impressum","status":"publish","type":"page","link":"https:\/\/landgasthof-taennler.ch\/fr\/impressum\/","title":{"rendered":"Empreinte"},"content":{"rendered":"<p><\/p>\n<h2>Inhaber<\/h2>\n<address>Landgasthof T\u00e4nnler<br \/>\nSustenstrasse 33<br \/>\nCH-3862 Innertkirchen-Wyler<\/address>\n<address>T +41 (0)33 971 14 27<br \/>\nF +41 (0)33 971 14 27<br \/>\n<a href=\"mailto:info@landgasthof-taennler.ch\">info@landgasthof-taennler.ch<\/a>\u00a0<\/address>\n<address>\u00a0<\/address>\n<h2>Web<\/h2>\n<address>Christian B\u00fcschi<br \/>\nGesellschaftsstrasse 38<br \/>\n3012 Bern<br \/>\n<a href=\"mailto:christianbueschi@gmail.com\">christianbueschi@gmail.com<\/a>\u00a0<\/address>\n<address>\u00a0<\/address>\n<h2>Datenschutzhinweis<\/h2>\n<p>Diese Website benutzt Google Analytics, einen Webanalysedienst der Google Inc. (\u201cGoogle\u201c) Google Analytics verwendet sog. \u201cCookies\u201c, Textdateien, die auf Ihrem Computer gespeichert werden und die eine Analyse der Benutzung der Website durch Sie erm\u00f6glicht. Die durch den Cookie erzeugten Informationen \u00fcber Ihre Benutzung diese Website (einschlie\u00dflich Ihrer IP-Adresse) wird an einen Server von Google in den USA \u00fcbertragen und dort gespeichert. Google wird diese Informationen benutzen, um Ihre Nutzung der Website auszuwerten, um Reports \u00fcber die Websiteaktivit\u00e4ten f\u00fcr die Websitebetreiber zusammenzustellen und um weitere mit der Websitenutzung und der Internetnutzung verbundene Dienstleistungen zu erbringen. Auch wird Google diese Informationen gegebenenfalls an Dritte \u00fcbertragen, sofern dies gesetzlich vorgeschrieben oder soweit Dritte diese Daten im Auftrag von Google verarbeiten. Google wird in keinem Fall Ihre IP-Adresse mit anderen Daten der Google in Verbindung bringen. Sie k\u00f6nnen die Installation der Cookies durch eine entsprechende Einstellung Ihrer Browser Software verhindern; wir weisen Sie jedoch darauf hin, dass Sie in diesem Fall gegebenenfalls nicht s\u00e4mtliche Funktionen dieser Website voll umf\u00e4nglich nutzen k\u00f6nnen. Durch die Nutzung dieser Website erkl\u00e4ren Sie sich mit der Bearbeitung der \u00fcber Sie erhobenen Daten durch Google in der zuvor beschriebenen Art und Weise und zu dem zuvor benannten Zweck einverstanden.<\/p>","protected":false},"excerpt":{"rendered":"<p>Inhaber Landgasthof T\u00e4nnler Sustenstrasse 33 CH-3862 Innertkirchen-Wyler T +41 (0)33 971 14 27 F +41 (0)33 971 14 27 info@landgasthof-taennler.ch\u00a0&#8230;  <a href=\"https:\/\/landgasthof-taennler.ch\/fr\/impressum\/\" title=\"Empreinte\">Weiter lesen &raquo;<\/a><\/p>\n","protected":false},"author":1,"featured_media":0,"parent":0,"menu_order":0,"comment_status":"open","ping_status":"open","template":"","meta":{"ngg_post_thumbnail":0},"_links":{"self":[{"href":"https:\/\/landgasthof-taennler.ch\/fr\/wp-json\/wp\/v2\/pages\/45"}],"collection":[{"href":"https:\/\/landgasthof-taennler.ch\/fr\/wp-json\/wp\/v2\/pages"}],"about":[{"href":"https:\/\/landgasthof-taennler.ch\/fr\/wp-json\/wp\/v2\/types\/page"}],"author":[{"embeddable":true,"href":"https:\/\/landgasthof-taennler.ch\/fr\/wp-json\/wp\/v2\/users\/1"}],"replies":[{"embeddable":true,"href":"https:\/\/landgasthof-taennler.ch\/fr\/wp-json\/wp\/v2\/comments?post=45"}],"version-history":[{"count":7,"href":"https:\/\/landgasthof-taennler.ch\/fr\/wp-json\/wp\/v2\/pages\/45\/revisions"}],"predecessor-version":[{"id":223,"href":"https:\/\/landgasthof-taennler.ch\/fr\/wp-json\/wp\/v2\/pages\/45\/revisions\/223"}],"wp:attachment":[{"href":"https:\/\/landgasthof-taennler.ch\/fr\/wp-json\/wp\/v2\/media?parent=45"}],"curies":[{"name":"wp","href":"https:\/\/api.w.org\/{rel}","templated":true}]}}