{"id":18,"date":"2012-08-13T15:58:44","date_gmt":"2012-08-13T13:58:44","guid":{"rendered":"http:\/\/landgasthof-taennler.ch\/?page_id=18"},"modified":"2025-10-19T17:42:20","modified_gmt":"2025-10-19T15:42:20","slug":"restaurant-terrasse","status":"publish","type":"page","link":"https:\/\/landgasthof-taennler.ch\/fr\/restaurant-terrasse\/","title":{"rendered":"Restaurant \/ Terrasse"},"content":{"rendered":"<p><\/p>\n<p>C&rsquo;est avec plaisir que nous servons nos clients dans notre restaurant, simple mais charmant et agr\u00e9able. Souhaitez-vous c\u00e9l\u00e9brer une f\u00eate de famille, d&rsquo;entreprise ou d&rsquo;association ? Demandez nos suggestions de menu.<\/p>\n<p>Pendant la saison estivale, notre terrasse avec vue sur les magnifiques montagnes invite \u00e0 la fl\u00e2nerie. Un petit terrain de jeux et un chemin de fer miniature feront passer le temps aux enfants.<\/p>\n<p>Menu de 11h30 \u00e0 13h30 et de 18h00 \u00e0 20h30<br \/>\n(13h30 &#8211; 18h00 petit menu apr\u00e8s-midi)<\/p>\n<p><\/p>","protected":false},"excerpt":{"rendered":"<p>C&rsquo;est avec plaisir que nous servons nos clients dans notre restaurant, simple mais charmant et agr\u00e9able. Souhaitez-vous c\u00e9l\u00e9brer une f\u00eate&#8230;  <a href=\"https:\/\/landgasthof-taennler.ch\/fr\/restaurant-terrasse\/\" title=\"Restaurant \/ Terrasse\">Weiter lesen &raquo;<\/a><\/p>\n","protected":false},"author":1,"featured_media":0,"parent":0,"menu_order":0,"comment_status":"open","ping_status":"open","template":"","meta":{"ngg_post_thumbnail":0},"_links":{"self":[{"href":"https:\/\/landgasthof-taennler.ch\/fr\/wp-json\/wp\/v2\/pages\/18"}],"collection":[{"href":"https:\/\/landgasthof-taennler.ch\/fr\/wp-json\/wp\/v2\/pages"}],"about":[{"href":"https:\/\/landgasthof-taennler.ch\/fr\/wp-json\/wp\/v2\/types\/page"}],"author":[{"embeddable":true,"href":"https:\/\/landgasthof-taennler.ch\/fr\/wp-json\/wp\/v2\/users\/1"}],"replies":[{"embeddable":true,"href":"https:\/\/landgasthof-taennler.ch\/fr\/wp-json\/wp\/v2\/comments?post=18"}],"version-history":[{"count":39,"href":"https:\/\/landgasthof-taennler.ch\/fr\/wp-json\/wp\/v2\/pages\/18\/revisions"}],"predecessor-version":[{"id":2000,"href":"https:\/\/landgasthof-taennler.ch\/fr\/wp-json\/wp\/v2\/pages\/18\/revisions\/2000"}],"wp:attachment":[{"href":"https:\/\/landgasthof-taennler.ch\/fr\/wp-json\/wp\/v2\/media?parent=18"}],"curies":[{"name":"wp","href":"https:\/\/api.w.org\/{rel}","templated":true}]}}