{"id":16,"date":"2012-08-13T15:58:09","date_gmt":"2012-08-13T13:58:09","guid":{"rendered":"http:\/\/landgasthof-taennler.ch\/?page_id=16"},"modified":"2024-07-21T13:55:44","modified_gmt":"2024-07-21T11:55:44","slug":"sommer","status":"publish","type":"page","link":"https:\/\/landgasthof-taennler.ch\/fr\/sommer\/","title":{"rendered":"Et\u00e9"},"content":{"rendered":"<p><\/p>\n<p>&nbsp;<\/p>\n<h2>Funiculaire de Gelmer<\/h2>\n<p><a href=\"http:\/\/landgasthof-taennler.ch\/wp-content\/uploads\/2012\/08\/croppedimage940400-Gelmer2.jpeg\"><img loading=\"lazy\" class=\"alignleft\" title=\"Gelmerbahn\" src=\"http:\/\/landgasthof-taennler.ch\/wp-content\/uploads\/2012\/08\/croppedimage940400-Gelmer2-300x127.jpeg\" alt=\"Gelmerbahn\" width=\"300\" height=\"127\"><\/a><\/p>\n<p>Avec une pente de 106 pour-cent, le funiculaire de Gelmer est le plus escarp\u00e9 d&rsquo;Europe. Il emm\u00e8ne ses passagers au lac de Gelmer, \u00e0 1860 m\u00e8tres d&rsquo;altitude, dans des wagons ouverts. La r\u00e9gion autour du lac de retenue est tr\u00e8s appr\u00e9ci\u00e9e des randonneurs et des alpinistes.<\/p>\n<p>Pour plus d\u2019informations, visitez <a href=\"http:\/\/www.grimselwelt.ch\/bahnen\/gelmerbahn\" target=\"_blank\" rel=\"noopener\">www.grimselwelt.ch<\/a><\/p>\n<p>&nbsp;<\/p>\n<div style=\"clear: both;\">&nbsp;<\/div>\n<h2>Le t\u00e9l\u00e9ph\u00e9rique de Trift<\/h2>\n<p><a href=\"http:\/\/landgasthof-taennler.ch\/wp-content\/uploads\/2012\/11\/croppedimage940400-Trift3.jpg\"><img loading=\"lazy\" class=\"alignleft\" title=\"Triftbahn\" src=\"http:\/\/landgasthof-taennler.ch\/wp-content\/uploads\/2012\/11\/croppedimage940400-Trift3-300x127.jpg\" alt=\"Triftbahn\" width=\"300\" height=\"127\"><\/a>En traversant le gorge de Trift, le t\u00e9l\u00e9ph\u00e9rique de Trift vous fait d\u00e9couvrir \u00e0 la vall\u00e9e glaciaire du m\u00eame nom. La station sup\u00e9rieure est le point de d\u00e9part d\u2019une courte randonn\u00e9e alpine traversant le pont suspendu de Trift. Les cabanes CAS de Trift et Windegg vous invitent \u00e0 vous reposer ou \u00e0 entreprendre des plus longues excursions en haute montagne.<\/p>\n<p>Pour plus d\u2019informations, visitez <a href=\"http:\/\/www.grimselwelt.ch\/bahnen\/triftbahn\" target=\"_blank\" rel=\"noopener\">www.grimselwelt.ch<\/a><\/p>\n<div style=\"clear: both;\">&nbsp;<\/div>\n<h2>T\u00e9l\u00e9cabine du T\u00e4lli et falaises de Gadmen<\/h2>\n<p><a href=\"http:\/\/landgasthof-taennler.ch\/wp-content\/uploads\/2012\/11\/croppedimage940400-Taelli2.jpg\"><img loading=\"lazy\" class=\"alignleft\" title=\"T\u00e4llibahn\" src=\"http:\/\/landgasthof-taennler.ch\/wp-content\/uploads\/2012\/11\/croppedimage940400-Taelli2-300x127.jpg\" alt=\"\" width=\"300\" height=\"127\"><\/a><\/p>\n<p>La T\u00e4llibahn vous am\u00e8nera directement au pied des falaises de Gadmen.<\/p>\n<p>A partir de l\u00e0, vous pourrez vous lancer \u00e0 la conqu\u00eate de la via ferrata du T\u00e4lli, premi\u00e8re de Suisse, vous engager dans des randonn\u00e9es vari\u00e9es, puis passer la fin de la journ\u00e9e \u00e0 la cabane du T\u00e4lli.<\/p>\n<p>Pour plus d\u2019informations, visitez <a href=\"http:\/\/www.grimselwelt.ch\/bahnen\/taellibahn\" target=\"_blank\" rel=\"noopener\">www.grimselwelt.ch<\/a><\/p>\n<div style=\"clear: both;\">&nbsp;<\/div>\n<h2>Engstlenalp<\/h2>\n<p><a href=\"http:\/\/landgasthof-taennler.ch\/wp-content\/uploads\/2012\/08\/engstlenalp.jpg\"><img loading=\"lazy\" class=\"alignleft\" title=\"engstlenalp\" src=\"http:\/\/landgasthof-taennler.ch\/wp-content\/uploads\/2012\/08\/engstlenalp-300x126.jpg\" alt=\"\" width=\"300\" height=\"126\"><\/a><\/p>\n<p>D\u00e9couvrez Engstlenalp, un petit paradis au bout de la vall\u00e9e de Gental. Retrouvez votre s\u00e9r\u00e9nit\u00e9 lors d\u2019une promenade paisible autour du lac pittoresque.<\/p>\n<p>Davantage sur <a title=\"Engstlenalp\" href=\"http:\/\/www.engstlenalp.ch\/de\/\" target=\"_blank\" rel=\"noopener\">www.engstlenalp.ch<\/a><\/p>\n<div style=\"clear: both;\">&nbsp;<\/div>\n<h2>&nbsp;Mus\u00e9e en plein air de Ballenberg<\/h2>\n<p><a href=\"http:\/\/landgasthof-taennler.ch\/wp-content\/uploads\/2012\/08\/ballenberg.jpg\"><img loading=\"lazy\" class=\"alignleft\" title=\"Ballenberg\" src=\"http:\/\/landgasthof-taennler.ch\/wp-content\/uploads\/2012\/08\/ballenberg-300x126.jpg\" alt=\"Ballenberg\" width=\"300\" height=\"126\"><\/a><\/p>\n<p>Une balade \u00e0 travers les si\u00e8cles. Plus de 100 maisons originales, vieilles de plusieurs si\u00e8cles, provenant de toutes les r\u00e9gions du pays, deux cent cinquante animaux de ferme de races indig\u00e8nes, des jardins et des champs entretenus comme autrefois, des d\u00e9monstrations d\u2019artisanat traditionnel et de nombreuses manifestations th\u00e9matiques vous permettront de revivre le pass\u00e9 \u00abcomme si vous y \u00e9tiez\u00bb!<\/p>\n<p>Pour plus d\u2019informations, visitez <a href=\"http:\/\/www.ballenberg.ch\" target=\"_blank\" rel=\"noopener\">www.ballenberg.ch<\/a><\/p>\n<div style=\"clear: both;\">&nbsp;<\/div>\n<h2>Grotte aux cristaux<\/h2>\n<p><a href=\"http:\/\/landgasthof-taennler.ch\/wp-content\/uploads\/2012\/08\/croppedimage940400-stromentsteht-2.jpg\"><img loading=\"lazy\" class=\"alignleft\" title=\"Kristallkluft\" src=\"http:\/\/landgasthof-taennler.ch\/wp-content\/uploads\/2012\/08\/croppedimage940400-stromentsteht-2-300x127.jpg\" alt=\"\" width=\"300\" height=\"127\"><\/a>Visitez la soci\u00e9t\u00e9 hydro\u00e9lectrique KWO et sa centrale pompage-turbinage Grimsel 2, ainsi que la grotte aux cristaux d\u00e9couverte pendant sa construction en 1972.<\/p>\n<p>Lisez davantage sur <a href=\"https:\/\/www.grimselwelt.ch\/besichtigungen\/\" target=\"_blank\" rel=\"noopener\">www.grimselwelt.ch<\/a><\/p>\n<div style=\"clear: both;\">&nbsp;<\/div>\n<h2>Muggestutz<\/h2>\n<p><a href=\"http:\/\/landgasthof-taennler.ch\/wp-content\/uploads\/2012\/11\/zwergli.png\"><img loading=\"lazy\" class=\"alignleft\" title=\"Muggestutz\" src=\"http:\/\/landgasthof-taennler.ch\/wp-content\/uploads\/2012\/11\/zwergli.png\" alt=\"\" width=\"175\" height=\"227\"><\/a><\/p>\n<p>Un sentier de randonn\u00e9e qui <a href=\"http:\/\/www.muggestutz.ch\/\">www.muggestutz.ch<\/a><\/p>\n<div style=\"clear: both;\">&nbsp;<\/div>\n<p><strong>La r\u00e9gion du Hasli est une destination id\u00e9ale pour les activit\u00e9s suivantes&nbsp;:<\/strong><\/p>\n<ul>\n<li>Randonn\u00e9e<\/li>\n<li>Alpinisme<\/li>\n<li>Escalade&nbsp;(mur couvert \u00e0 Meiringen; vraies falaises en plein air partout)<\/li>\n<li>V\u00e9lo<\/li>\n<li>P\u00eache<\/li>\n<li>Parapente<\/li>\n<li>Piscine couvertes et chauff\u00e9es<\/li>\n<li>Tennis<\/li>\n<li>Minigolf<\/li>\n<li>Excursions par automobile, moto, car postal<\/li>\n<li>Train \u00e0 vapeur, chemin de fer \u00e0 cr\u00e9maill\u00e8re, t\u00e9l\u00e9ph\u00e9rique<\/li>\n<li>Bateau&nbsp;\u00e0 vapeur<\/li>\n<\/ul>\n<p>&nbsp;<\/p>\n<p><\/p>","protected":false},"excerpt":{"rendered":"<p>&nbsp; Funiculaire de Gelmer Avec une pente de 106 pour-cent, le funiculaire de Gelmer est le plus escarp\u00e9 d&rsquo;Europe. Il&#8230;  <a href=\"https:\/\/landgasthof-taennler.ch\/fr\/sommer\/\" title=\"Et\u00e9\">Weiter lesen &raquo;<\/a><\/p>\n","protected":false},"author":1,"featured_media":0,"parent":0,"menu_order":0,"comment_status":"open","ping_status":"open","template":"aktivitaeten.php","meta":{"ngg_post_thumbnail":0},"_links":{"self":[{"href":"https:\/\/landgasthof-taennler.ch\/fr\/wp-json\/wp\/v2\/pages\/16"}],"collection":[{"href":"https:\/\/landgasthof-taennler.ch\/fr\/wp-json\/wp\/v2\/pages"}],"about":[{"href":"https:\/\/landgasthof-taennler.ch\/fr\/wp-json\/wp\/v2\/types\/page"}],"author":[{"embeddable":true,"href":"https:\/\/landgasthof-taennler.ch\/fr\/wp-json\/wp\/v2\/users\/1"}],"replies":[{"embeddable":true,"href":"https:\/\/landgasthof-taennler.ch\/fr\/wp-json\/wp\/v2\/comments?post=16"}],"version-history":[{"count":160,"href":"https:\/\/landgasthof-taennler.ch\/fr\/wp-json\/wp\/v2\/pages\/16\/revisions"}],"predecessor-version":[{"id":1901,"href":"https:\/\/landgasthof-taennler.ch\/fr\/wp-json\/wp\/v2\/pages\/16\/revisions\/1901"}],"wp:attachment":[{"href":"https:\/\/landgasthof-taennler.ch\/fr\/wp-json\/wp\/v2\/media?parent=16"}],"curies":[{"name":"wp","href":"https:\/\/api.w.org\/{rel}","templated":true}]}}