{"id":14,"date":"2012-08-13T15:58:00","date_gmt":"2012-08-13T13:58:00","guid":{"rendered":"http:\/\/landgasthof-taennler.ch\/?page_id=14"},"modified":"2013-05-24T14:45:27","modified_gmt":"2013-05-24T12:45:27","slug":"winter","status":"publish","type":"page","link":"https:\/\/landgasthof-taennler.ch\/fr\/winter\/","title":{"rendered":"Hiver"},"content":{"rendered":"<p><\/p>\n<ul>\n<li>Ski<\/li>\n<li>Snowboard<\/li>\n<li>Ski de randonn\u00e9e<\/li>\n<li>ski de fond<\/li>\n<li>Luge<\/li>\n<li>Randonn\u00e9e aux raquettes<\/li>\n<li>Randonn\u00e9e d&rsquo;hiver<\/li>\n<li>Excursions en t\u00e9l\u00e9ph\u00e9rique<\/li>\n<li>Piscine couverte<\/li>\n<li>Tennis<\/li>\n<li>Mur d&rsquo;escalade couvert<\/li>\n<li>Sauna<\/li>\n<li>Solarium<\/li>\n<\/ul>\n<p><\/p>","protected":false},"excerpt":{"rendered":"<p>Ski Snowboard Ski de randonn\u00e9e ski de fond Luge Randonn\u00e9e aux raquettes Randonn\u00e9e d&rsquo;hiver Excursions en t\u00e9l\u00e9ph\u00e9rique Piscine couverte Tennis&#8230;  <a href=\"https:\/\/landgasthof-taennler.ch\/fr\/winter\/\" title=\"Hiver\">Weiter lesen &raquo;<\/a><\/p>\n","protected":false},"author":1,"featured_media":0,"parent":0,"menu_order":0,"comment_status":"open","ping_status":"open","template":"","meta":{"ngg_post_thumbnail":0},"_links":{"self":[{"href":"https:\/\/landgasthof-taennler.ch\/fr\/wp-json\/wp\/v2\/pages\/14"}],"collection":[{"href":"https:\/\/landgasthof-taennler.ch\/fr\/wp-json\/wp\/v2\/pages"}],"about":[{"href":"https:\/\/landgasthof-taennler.ch\/fr\/wp-json\/wp\/v2\/types\/page"}],"author":[{"embeddable":true,"href":"https:\/\/landgasthof-taennler.ch\/fr\/wp-json\/wp\/v2\/users\/1"}],"replies":[{"embeddable":true,"href":"https:\/\/landgasthof-taennler.ch\/fr\/wp-json\/wp\/v2\/comments?post=14"}],"version-history":[{"count":9,"href":"https:\/\/landgasthof-taennler.ch\/fr\/wp-json\/wp\/v2\/pages\/14\/revisions"}],"predecessor-version":[{"id":429,"href":"https:\/\/landgasthof-taennler.ch\/fr\/wp-json\/wp\/v2\/pages\/14\/revisions\/429"}],"wp:attachment":[{"href":"https:\/\/landgasthof-taennler.ch\/fr\/wp-json\/wp\/v2\/media?parent=14"}],"curies":[{"name":"wp","href":"https:\/\/api.w.org\/{rel}","templated":true}]}}